{"id":18,"date":"2024-02-13T10:22:46","date_gmt":"2024-02-13T13:22:46","guid":{"rendered":"http:\/\/espacoterapeuticoodespertar.com\/index.php\/home\/"},"modified":"2024-02-13T10:35:33","modified_gmt":"2024-02-13T13:35:33","slug":"inicio","status":"publish","type":"page","link":"https:\/\/espacoterapeuticoodespertar.com\/","title":{"rendered":"Inicio"},"content":{"rendered":"<section class=\"hts-section hts-hero\">\n    <div class=\"hts-hero-spacer\"><\/div>\n    <div class=\"hts-hero-content\">\n        <div class=\"hts-hero-image\">\n            <img decoding=\"async\" src=\"https:\/\/espacoterapeuticoodespertar.com\/wp-content\/themes\/hostinger-blog\/build\/images\/heroimage.jpeg\" alt=\"background\" \/>\n        <\/div>\n        <div class=\"hts-hero-block\">\n            <div class=\"hts-hero-body\">\n                <div class=\"hts-hero-details\">\n                    <div>\n                        <h1>Bem-vindo ao Espa\u00e7o Terapia o Despertar<\/h1>\n                        <p>Descubra o poder das terapias para transformar sua vida e obter equil\u00edbrio e bem-estar. Aqui voc\u00ea encontra informa\u00e7\u00f5es sobre Reiki, Parapsicologia Clinica e Constela\u00e7\u00e3o Familiar, al\u00e9m de dicas para uma qualidade de vida plena e o fortalecimento do feminino.<\/p>\n                        <a href=\"https:\/\/espacoterapeuticoodespertar.com\/\" class=\"btn primary\" >Read more<\/a>\n                    <\/div>\n                    <div class=\"hts-hero-body-image\">\n                        <img decoding=\"async\" src=\"https:\/\/espacoterapeuticoodespertar.com\/wp-content\/themes\/hostinger-blog\/build\/images\/heroimage.jpeg\" alt=\"background\" \/>\n                    <\/div>\n                    <div class=\"hts-hero-footer\">\n                        <div class=\"hts-social\">\n                                                                                                                <a href=\"@terapiareal\" target=\"_blank\">\n                                <img decoding=\"async\" class=\"light\" src=\"https:\/\/espacoterapeuticoodespertar.com\/wp-content\/themes\/hostinger-blog\/build\/images\/twitter.svg\"\n                                    alt=\"twitter\" \/>\n                                <img decoding=\"async\" class=\"dark\" src=\"https:\/\/espacoterapeuticoodespertar.com\/wp-content\/themes\/hostinger-blog\/build\/images\/twitter-dark.svg\"\n                                    alt=\"twitter\" \/>\n                                <img decoding=\"async\" class=\"mono\" src=\"https:\/\/espacoterapeuticoodespertar.com\/wp-content\/themes\/hostinger-blog\/build\/images\/twitter-mono.svg\"\n                                    alt=\"twitter\" \/>\n                            <\/a>\n                                                                                <\/div>\n                        <p class=\"hts-title\">Encontre o despertar para uma nova jornada de transforma\u00e7\u00e3o pessoal<\/p>\n                    <\/div>\n                <\/div>\n            <\/div>\n        <\/div>\n    <\/div>\n<\/section>\n\n<section class=\"hts-section hts-no-border hts-posts hts-featured-post-wrapper\">\n    <div>\n                <div class=\"hts-posts-header\">\n            <h2 class=\"hts-title\">Featured post<\/h2>\n        <\/div>\n                <div class=\"hts-featured-post\">\n            <!-- Post -->\n            <div class=\"hts-post\">\n                <div class=\"hts-image-wrapper\">\n                                        <a href=\"https:\/\/espacoterapeuticoodespertar.com\/index.php\/2024\/02\/13\/informacoes-sobre-reiki-parapsicologia-clinica-constelacao-familiar-e-mais\/\" class=\"hts-featured-post-link\">\n                        <img decoding=\"async\" src=\"https:\/\/espacoterapeuticoodespertar.com\/wp-content\/themes\/hostinger-blog\/build\/images\/placeholder.jpg\"\n                            alt=\"featured\">\n                    <\/a>\n                                                        <\/div>\n                <div class=\"hts-post-details\">\n                    <div class=\"hts-posts-body-header\">\n                        <h2 class=\"hts-title\">Featured post<\/h2>\n                    <\/div>\n                    <div class=\"hts-capsules\">\n                                                                                                                        <a href=\"https:\/\/espacoterapeuticoodespertar.com\/index.php\/category\/blog\/\">\n                            <div>Blog<\/div>\n                        <\/a>\n                                                                                            <\/div>\n                                        <a href=\"https:\/\/espacoterapeuticoodespertar.com\/index.php\/2024\/02\/13\/informacoes-sobre-reiki-parapsicologia-clinica-constelacao-familiar-e-mais\/\">\n                        <h3 class=\"hts-title\">Informa\u00e7\u00f5es sobre Reiki, Parapsicologia Cl\u00ednica, Constela\u00e7\u00e3o Familiar e mais<\/h3>\n                    <\/a>\n                                                            <p class=\"small\">February 13, 2024 | by espacoterapeuticoodespertar.com<\/p>\n                                    <\/div>\n            <\/div>\n        <\/div>\n    <\/div>\n<\/section>\n\n<section class=\"hts-section hts-posts\">\n    <hr class=\"full\">\n    <div>\n        <div class=\"hts-posts-header\">\n            <h2 class=\"hts-title\">Latest posts<\/h2>\n            <a href=\"https:\/\/espacoterapeuticoodespertar.com\/index.php\/blog\/\" class=\"hts-posts-action\">\n                <p>View all<\/p>\n                <img decoding=\"async\" src=\"https:\/\/espacoterapeuticoodespertar.com\/wp-content\/themes\/hostinger-blog\/build\/images\/icon-arrow-right.svg\" alt=\"view all\">\n            <\/a>\n        <\/div>\n        <div class=\"hts-posts-list\">\n                        <div class=\"hts-post hts-large\">\n                                <div class=\"hts-image-wrapper\">\n                                        <a href=\"https:\/\/espacoterapeuticoodespertar.com\/index.php\/2024\/02\/13\/informacoes-sobre-reiki-parapsicologia-clinica-constelacao-familiar-e-muito-mais\/\" class=\"hts-featured-post-link\">\n                        <img decoding=\"async\" src=\"https:\/\/espacoterapeuticoodespertar.com\/wp-content\/themes\/hostinger-blog\/build\/images\/placeholder2.jpg\"\n                            alt=\"featured\">\n                    <\/a>\n                                                        <\/div>\n                <div class=\"hts-post-details\">\n                    <div class=\"hts-capsules\">\n                                                                                                                        <a href=\"https:\/\/espacoterapeuticoodespertar.com\/index.php\/category\/blog\/\">\n                            <div>Blog<\/div>\n                        <\/a>\n                                                                                            <\/div>\n                    <a href=\"https:\/\/espacoterapeuticoodespertar.com\/index.php\/2024\/02\/13\/informacoes-sobre-reiki-parapsicologia-clinica-constelacao-familiar-e-muito-mais\/\">\n                        <h3 class=\"hts-title\">Informa\u00e7\u00f5es sobre Reiki, Parapsicologia Cl\u00ednica, Constela\u00e7\u00e3o Familiar e muito mais<\/h3>\n                    <\/a>\n                                        <p class=\"small\">February 13, 2024 | by espacoterapeuticoodespertar.com<\/p>\n                                    <\/div>\n            <\/div>\n                        <div class=\"hts-post \">\n                                <div class=\"hts-image-wrapper\">\n                                        <a href=\"https:\/\/espacoterapeuticoodespertar.com\/index.php\/2024\/02\/13\/informacoes-sobre-reiki-parapsicologia-clinica-constelacao-familiar-e-mais\/\" class=\"hts-featured-post-link\">\n                        <img decoding=\"async\" src=\"https:\/\/espacoterapeuticoodespertar.com\/wp-content\/themes\/hostinger-blog\/build\/images\/placeholder2.jpg\"\n                            alt=\"featured\">\n                    <\/a>\n                                                        <\/div>\n                <div class=\"hts-post-details\">\n                    <div class=\"hts-capsules\">\n                                                                                                                        <a href=\"https:\/\/espacoterapeuticoodespertar.com\/index.php\/category\/blog\/\">\n                            <div>Blog<\/div>\n                        <\/a>\n                                                                                            <\/div>\n                    <a href=\"https:\/\/espacoterapeuticoodespertar.com\/index.php\/2024\/02\/13\/informacoes-sobre-reiki-parapsicologia-clinica-constelacao-familiar-e-mais\/\">\n                        <h3 class=\"hts-title\">Informa\u00e7\u00f5es sobre Reiki, Parapsicologia Cl\u00ednica, Constela\u00e7\u00e3o Familiar e mais<\/h3>\n                    <\/a>\n                                        <p class=\"small\">February 13, 2024 | by espacoterapeuticoodespertar.com<\/p>\n                                    <\/div>\n            <\/div>\n                        <div class=\"hts-post \">\n                                <div class=\"hts-image-wrapper\">\n                                        <a href=\"https:\/\/espacoterapeuticoodespertar.com\/index.php\/2024\/02\/13\/terapias-qualidade-de-vida-e-empoderamento-feminino-um-guia-completo\/\" class=\"hts-featured-post-link\">\n                        <img decoding=\"async\" src=\"https:\/\/espacoterapeuticoodespertar.com\/wp-content\/themes\/hostinger-blog\/build\/images\/placeholder2.jpg\"\n                            alt=\"featured\">\n                    <\/a>\n                                                        <\/div>\n                <div class=\"hts-post-details\">\n                    <div class=\"hts-capsules\">\n                                                                                                                        <a href=\"https:\/\/espacoterapeuticoodespertar.com\/index.php\/category\/blog\/\">\n                            <div>Blog<\/div>\n                        <\/a>\n                                                                                            <\/div>\n                    <a href=\"https:\/\/espacoterapeuticoodespertar.com\/index.php\/2024\/02\/13\/terapias-qualidade-de-vida-e-empoderamento-feminino-um-guia-completo\/\">\n                        <h3 class=\"hts-title\">Terapias, Qualidade de Vida e Empoderamento Feminino: Um Guia Completo<\/h3>\n                    <\/a>\n                                        <p class=\"small\">February 13, 2024 | by espacoterapeuticoodespertar.com<\/p>\n                                    <\/div>\n            <\/div>\n                        <div class=\"hts-post \">\n                                <div class=\"hts-image-wrapper\">\n                                        <a href=\"https:\/\/espacoterapeuticoodespertar.com\/index.php\/2024\/02\/13\/informacoes-sobre-reiki-parapsicologia-clinica-e-constelacao-familiar-2\/\" class=\"hts-featured-post-link\">\n                        <img decoding=\"async\" src=\"https:\/\/espacoterapeuticoodespertar.com\/wp-content\/themes\/hostinger-blog\/build\/images\/placeholder3.jpg\"\n                            alt=\"featured\">\n                    <\/a>\n                                                        <\/div>\n                <div class=\"hts-post-details\">\n                    <div class=\"hts-capsules\">\n                                                                                                                        <a href=\"https:\/\/espacoterapeuticoodespertar.com\/index.php\/category\/blog\/\">\n                            <div>Blog<\/div>\n                        <\/a>\n                                                                                            <\/div>\n                    <a href=\"https:\/\/espacoterapeuticoodespertar.com\/index.php\/2024\/02\/13\/informacoes-sobre-reiki-parapsicologia-clinica-e-constelacao-familiar-2\/\">\n                        <h3 class=\"hts-title\">Informa\u00e7\u00f5es sobre Reiki, Parapsicologia Cl\u00ednica e Constela\u00e7\u00e3o Familiar<\/h3>\n                    <\/a>\n                                        <p class=\"small\">February 13, 2024 | by espacoterapeuticoodespertar.com<\/p>\n                                    <\/div>\n            <\/div>\n                        <div class=\"hts-post \">\n                                <div class=\"hts-image-wrapper\">\n                                        <a href=\"https:\/\/espacoterapeuticoodespertar.com\/index.php\/2024\/02\/13\/informacoes-sobre-reiki-parapsicologia-clinica-e-constelacao-familiar\/\" class=\"hts-featured-post-link\">\n                        <img decoding=\"async\" src=\"https:\/\/espacoterapeuticoodespertar.com\/wp-content\/themes\/hostinger-blog\/build\/images\/placeholder2.jpg\"\n                            alt=\"featured\">\n                    <\/a>\n                                                        <\/div>\n                <div class=\"hts-post-details\">\n                    <div class=\"hts-capsules\">\n                                                                                                                        <a href=\"https:\/\/espacoterapeuticoodespertar.com\/index.php\/category\/blog\/\">\n                            <div>Blog<\/div>\n                        <\/a>\n                                                                                            <\/div>\n                    <a href=\"https:\/\/espacoterapeuticoodespertar.com\/index.php\/2024\/02\/13\/informacoes-sobre-reiki-parapsicologia-clinica-e-constelacao-familiar\/\">\n                        <h3 class=\"hts-title\">Informa\u00e7\u00f5es sobre Reiki, Parapsicologia Cl\u00ednica e Constela\u00e7\u00e3o Familiar<\/h3>\n                    <\/a>\n                                        <p class=\"small\">February 13, 2024 | by espacoterapeuticoodespertar.com<\/p>\n                                    <\/div>\n            <\/div>\n                        <div class=\"hts-post hts-large\">\n                                <div class=\"hts-image-wrapper\">\n                                        <a href=\"https:\/\/espacoterapeuticoodespertar.com\/index.php\/2024\/02\/13\/terapias-holisticas-reiki-parapsicologia-clinica-e-constelacao-familiar\/\" class=\"hts-featured-post-link\">\n                        <img decoding=\"async\" src=\"https:\/\/espacoterapeuticoodespertar.com\/wp-content\/themes\/hostinger-blog\/build\/images\/placeholder3.jpg\"\n                            alt=\"featured\">\n                    <\/a>\n                                                        <\/div>\n                <div class=\"hts-post-details\">\n                    <div class=\"hts-capsules\">\n                                                                                                                        <a href=\"https:\/\/espacoterapeuticoodespertar.com\/index.php\/category\/blog\/\">\n                            <div>Blog<\/div>\n                        <\/a>\n                                                                                            <\/div>\n                    <a href=\"https:\/\/espacoterapeuticoodespertar.com\/index.php\/2024\/02\/13\/terapias-holisticas-reiki-parapsicologia-clinica-e-constelacao-familiar\/\">\n                        <h3 class=\"hts-title\">Terapias Hol\u00edsticas: Reiki, Parapsicologia Cl\u00ednica e Constela\u00e7\u00e3o Familiar<\/h3>\n                    <\/a>\n                                        <p class=\"small\">February 13, 2024 | by espacoterapeuticoodespertar.com<\/p>\n                                    <\/div>\n            <\/div>\n                    <\/div>\n    <\/div>\n<\/section>\n\n<section class=\"hts-section hts-newsletter\">\n\t<hr class=\"full\">\n\t<div class=\"wrapper\">\n\t<div>\n\t\t<h3 class=\"hts-title\">Newsletter<\/h3>\n\t\t<p>Inscreva-se para ficar atualizado com meus mais recentes projetos criativos, insights e dicas.<\/p>\n\t<\/div>\n\t<div class=\"hts-newsletter-block\">\n\t\t<form>\n\t\t\t<input type=\"hidden\" id=\"newsletter_nonce\" name=\"newsletter_nonce\" value=\"6ed19b0027\" \/><input type=\"hidden\" name=\"_wp_http_referer\" value=\"\/index.php\/wp-json\/wp\/v2\/pages\/18\" \/>\t\t\t<label for=\"hts-newsletter-email\">Email<\/label>\n\t\t\t<input type=\"email\"\n\t\t\t       id=\"hts-newsletter-email\"\n\t\t\t       name=\"newsletter_email\"\n\t\t\t       placeholder=\"What\u2019s your email?\">\n\t\t\t<div class=\"validate-message\"><\/div>\n\t\t\t<div class=\"hts-privacy-agree\">\n\t\t\t\t<label class=\"hts-form-control\">\n\t\t\t\t<input type=\"checkbox\" id=\"privacy-policy-checkbox\" name=\"privacy_policy\" required>\n\t\t\t\t<\/label>\n\t\t\t\t<span>\n\t\t\t\t\tPol\u00edtica de Privacidade\t\t\t\t<\/span>\n\t\t\t<\/div>\n\t\t\t<input type=\"submit\" class=\"btn primary\" value=\"Subscribe\"\/>\n\t\t<\/form>\n\t<\/div>\n\t<\/div>\n<\/section>","protected":false},"excerpt":{"rendered":"","protected":false},"author":1,"featured_media":0,"parent":0,"menu_order":0,"comment_status":"closed","ping_status":"closed","template":"","meta":{"om_disable_all_campaigns":false,"_monsterinsights_skip_tracking":false,"_monsterinsights_sitenote_active":false,"_monsterinsights_sitenote_note":"","_monsterinsights_sitenote_category":0,"footnotes":""},"aioseo_notices":[],"_links":{"self":[{"href":"https:\/\/espacoterapeuticoodespertar.com\/index.php\/wp-json\/wp\/v2\/pages\/18"}],"collection":[{"href":"https:\/\/espacoterapeuticoodespertar.com\/index.php\/wp-json\/wp\/v2\/pages"}],"about":[{"href":"https:\/\/espacoterapeuticoodespertar.com\/index.php\/wp-json\/wp\/v2\/types\/page"}],"author":[{"embeddable":true,"href":"https:\/\/espacoterapeuticoodespertar.com\/index.php\/wp-json\/wp\/v2\/users\/1"}],"replies":[{"embeddable":true,"href":"https:\/\/espacoterapeuticoodespertar.com\/index.php\/wp-json\/wp\/v2\/comments?post=18"}],"version-history":[{"count":2,"href":"https:\/\/espacoterapeuticoodespertar.com\/index.php\/wp-json\/wp\/v2\/pages\/18\/revisions"}],"predecessor-version":[{"id":31,"href":"https:\/\/espacoterapeuticoodespertar.com\/index.php\/wp-json\/wp\/v2\/pages\/18\/revisions\/31"}],"wp:attachment":[{"href":"https:\/\/espacoterapeuticoodespertar.com\/index.php\/wp-json\/wp\/v2\/media?parent=18"}],"curies":[{"name":"wp","href":"https:\/\/api.w.org\/{rel}","templated":true}]}}